{"id":530,"date":"2026-03-04T11:58:10","date_gmt":"2026-03-04T10:58:10","guid":{"rendered":"https:\/\/floorbosman.nl\/biographie\/"},"modified":"2026-04-02T11:15:59","modified_gmt":"2026-04-02T09:15:59","slug":"biographie","status":"publish","type":"page","link":"https:\/\/floorbosman.nl\/de\/biographie\/","title":{"rendered":"Biographie"},"content":{"rendered":"\t\t<div data-elementor-type=\"wp-page\" data-elementor-id=\"530\" class=\"elementor elementor-530 elementor-278\" data-elementor-post-type=\"page\">\n\t\t\t\t<div class=\"elementor-element elementor-element-1c43f9d e-con-full e-flex e-con e-parent\" data-id=\"1c43f9d\" data-element_type=\"container\" data-e-type=\"container\" data-settings=\"{&quot;background_background&quot;:&quot;classic&quot;,&quot;jet_parallax_layout_list&quot;:[]}\">\n\t\t\t\t<div class=\"elementor-element elementor-element-ee8bf47 elementor-absolute elementor-invisible elementor-widget elementor-widget-heading\" data-id=\"ee8bf47\" data-element_type=\"widget\" data-e-type=\"widget\" data-settings=\"{&quot;_position&quot;:&quot;absolute&quot;,&quot;_animation&quot;:&quot;fadeIn&quot;}\" data-widget_type=\"heading.default\">\n\t\t\t\t\t<span class=\"elementor-heading-title elementor-size-default\"><a href=\"\/\">Floor Bosman<\/a><\/span>\t\t\t\t<\/div>\n\t\t\t\t<div class=\"elementor-element elementor-element-a26ce04 elementor-nav-menu__align-start elementor-fixed elementor-nav-menu--dropdown-mobile elementor-nav-menu__text-align-aside elementor-nav-menu--toggle elementor-nav-menu--burger elementor-widget elementor-widget-nav-menu\" data-id=\"a26ce04\" data-element_type=\"widget\" data-e-type=\"widget\" data-settings=\"{&quot;layout&quot;:&quot;vertical&quot;,&quot;_position&quot;:&quot;fixed&quot;,&quot;submenu_icon&quot;:{&quot;value&quot;:&quot;&lt;svg aria-hidden=\\&quot;true\\&quot; class=\\&quot;e-font-icon-svg e-fas-caret-down\\&quot; viewBox=\\&quot;0 0 320 512\\&quot; xmlns=\\&quot;http:\\\/\\\/www.w3.org\\\/2000\\\/svg\\&quot;&gt;&lt;path d=\\&quot;M31.3 192h257.3c17.8 0 26.7 21.5 14.1 34.1L174.1 354.8c-7.8 7.8-20.5 7.8-28.3 0L17.2 226.1C4.6 213.5 13.5 192 31.3 192z\\&quot;&gt;&lt;\\\/path&gt;&lt;\\\/svg&gt;&quot;,&quot;library&quot;:&quot;fa-solid&quot;},&quot;toggle&quot;:&quot;burger&quot;}\" data-widget_type=\"nav-menu.default\">\n\t\t\t\t\t\t\t\t<nav aria-label=\"Menu\" class=\"elementor-nav-menu--main elementor-nav-menu__container elementor-nav-menu--layout-vertical e--pointer-text e--animation-shrink\">\n\t\t\t\t<ul id=\"menu-1-a26ce04\" class=\"elementor-nav-menu sm-vertical\"><li class=\"menu-item menu-item-type-custom menu-item-object-custom menu-item-560\"><a href=\"\/#over-floor\" class=\"elementor-item elementor-item-anchor\">\u00dcber Floor<\/a><\/li>\n<li class=\"menu-item menu-item-type-custom menu-item-object-custom menu-item-561\"><a href=\"\/#agenda\" class=\"elementor-item elementor-item-anchor\">Agenda<\/a><\/li>\n<li class=\"menu-item menu-item-type-custom menu-item-object-custom menu-item-562\"><a href=\"\/#videos\" class=\"elementor-item elementor-item-anchor\">Videos<\/a><\/li>\n<li class=\"menu-item menu-item-type-custom menu-item-object-custom menu-item-565\"><a href=\"\/#contact\" class=\"elementor-item elementor-item-anchor\">Buchungen<\/a><\/li>\n<li class=\"menu-item menu-item-type-post_type menu-item-object-page menu-item-564\"><a href=\"https:\/\/floorbosman.nl\/de\/biographie\/\" class=\"elementor-item\">Biographie<\/a><\/li>\n<li class=\"menu-item menu-item-type-post_type menu-item-object-page menu-item-563\"><a href=\"https:\/\/floorbosman.nl\/de\/repertoire\/\" class=\"elementor-item\">Repertoire<\/a><\/li>\n<\/ul>\t\t\t<\/nav>\n\t\t\t\t\t<div class=\"elementor-menu-toggle\" role=\"button\" tabindex=\"0\" aria-label=\"Men\u00fc Umschalter\" aria-expanded=\"false\">\n\t\t\t<svg aria-hidden=\"true\" role=\"presentation\" class=\"elementor-menu-toggle__icon--open e-font-icon-svg e-eicon-menu-bar\" viewBox=\"0 0 1000 1000\" xmlns=\"http:\/\/www.w3.org\/2000\/svg\"><path d=\"M104 333H896C929 333 958 304 958 271S929 208 896 208H104C71 208 42 237 42 271S71 333 104 333ZM104 583H896C929 583 958 554 958 521S929 458 896 458H104C71 458 42 487 42 521S71 583 104 583ZM104 833H896C929 833 958 804 958 771S929 708 896 708H104C71 708 42 737 42 771S71 833 104 833Z\"><\/path><\/svg><svg aria-hidden=\"true\" role=\"presentation\" class=\"elementor-menu-toggle__icon--close e-font-icon-svg e-eicon-close\" viewBox=\"0 0 1000 1000\" xmlns=\"http:\/\/www.w3.org\/2000\/svg\"><path d=\"M742 167L500 408 258 167C246 154 233 150 217 150 196 150 179 158 167 167 154 179 150 196 150 212 150 229 154 242 171 254L408 500 167 742C138 771 138 800 167 829 196 858 225 858 254 829L496 587 738 829C750 842 767 846 783 846 800 846 817 842 829 829 842 817 846 804 846 783 846 767 842 750 829 737L588 500 833 258C863 229 863 200 833 171 804 137 775 137 742 167Z\"><\/path><\/svg>\t\t<\/div>\n\t\t\t\t\t<nav class=\"elementor-nav-menu--dropdown elementor-nav-menu__container\" aria-hidden=\"true\">\n\t\t\t\t<ul id=\"menu-2-a26ce04\" class=\"elementor-nav-menu sm-vertical\"><li class=\"menu-item menu-item-type-custom menu-item-object-custom menu-item-560\"><a href=\"\/#over-floor\" class=\"elementor-item elementor-item-anchor\" tabindex=\"-1\">\u00dcber Floor<\/a><\/li>\n<li class=\"menu-item menu-item-type-custom menu-item-object-custom menu-item-561\"><a href=\"\/#agenda\" class=\"elementor-item elementor-item-anchor\" tabindex=\"-1\">Agenda<\/a><\/li>\n<li class=\"menu-item menu-item-type-custom menu-item-object-custom menu-item-562\"><a href=\"\/#videos\" class=\"elementor-item elementor-item-anchor\" tabindex=\"-1\">Videos<\/a><\/li>\n<li class=\"menu-item menu-item-type-custom menu-item-object-custom menu-item-565\"><a href=\"\/#contact\" class=\"elementor-item elementor-item-anchor\" tabindex=\"-1\">Buchungen<\/a><\/li>\n<li class=\"menu-item menu-item-type-post_type menu-item-object-page menu-item-564\"><a href=\"https:\/\/floorbosman.nl\/de\/biographie\/\" class=\"elementor-item\" tabindex=\"-1\">Biographie<\/a><\/li>\n<li class=\"menu-item menu-item-type-post_type menu-item-object-page menu-item-563\"><a href=\"https:\/\/floorbosman.nl\/de\/repertoire\/\" class=\"elementor-item\" tabindex=\"-1\">Repertoire<\/a><\/li>\n<\/ul>\t\t\t<\/nav>\n\t\t\t\t\t\t<\/div>\n\t\t\t\t<\/div>\n\t\t<div class=\"elementor-element elementor-element-fe150f3 e-flex e-con-boxed e-con e-parent\" data-id=\"fe150f3\" data-element_type=\"container\" data-e-type=\"container\" data-settings=\"{&quot;background_background&quot;:&quot;classic&quot;,&quot;jet_parallax_layout_list&quot;:[]}\">\n\t\t\t\t\t<div class=\"e-con-inner\">\n\t\t\t\t<div class=\"elementor-element elementor-element-2dafa99 elementor-widget elementor-widget-heading\" data-id=\"2dafa99\" data-element_type=\"widget\" data-e-type=\"widget\" data-widget_type=\"heading.default\">\n\t\t\t\t\t<h2 class=\"elementor-heading-title elementor-size-default\">Biographie<\/h2>\t\t\t\t<\/div>\n\t\t\t\t<div class=\"elementor-element elementor-element-cdcfd04 elementor-widget elementor-widget-text-editor\" data-id=\"cdcfd04\" data-element_type=\"widget\" data-e-type=\"widget\" data-widget_type=\"text-editor.default\">\n\t\t\t\t\t\t\t\t\t<p><strong>Eine Stimme mit vielen Gesichtern<\/strong> \u2013 Floor Bosman ist eine niederl\u00e4ndische Sopranistin aus Kerkrade, die sich durch eine einzigartige Kombination aus klassischer Ausbildung und einer beeindruckenden B\u00fchnenpr\u00e4senz auszeichnet. Die Welt der klassischen Musik erscheint manchmal unerreichbar, aber Floor macht sie einem breiten Publikum zug\u00e4nglich. Floor positioniert sich ausdr\u00fccklich als \u201eBr\u00fcckenbauerin\u201c: eine K\u00fcnstlerin, die m\u00fchelos Oper und geistliches Repertoire mit musikalischen Klassikern und zug\u00e4nglichem Crossover verbindet, ohne dass ihr Gesang an Klarheit oder Stil verliert.<\/p><p><strong>Vom Wettkampf zum nationalen Fernsehen<\/strong> \u2013 Sie fand schon fr\u00fch in ihrem Leben ihren Weg auf die B\u00fchne. Im Jahr 2016 nahm Floor am Princess Christina Wettbewerb teil; dies war der erste Schritt auf ihrem Weg zur professionellen S\u00e4ngerin. Seitdem hat sie sich mit eigenen Initiativen, wie einem Benefizkonzert im Theater Kerkrade (2019) und verschiedenen Auftritten w\u00e4hrend der Corona-Zeit, stetig einen Namen gemacht, um f\u00fcr ihr Publikum sichtbar zu bleiben.<\/p><p>Ihr gro\u00dfer nationaler Durchbruch gelang ihr 2026 mit ihrer Teilnahme an der SBS6-Sendung \u201eThe Winner Takes It All\u201c. Bei diesem Wettbewerb erreichte sie das Finale und belegte den zweiten Platz, was ihr endg\u00fcltig zu Bekanntheit in der breiten \u00d6ffentlichkeit verhalf. Sie bewies ihre Vielseitigkeit auch au\u00dferhalb des rein klassischen Genres; so gab sie beispielsweise 2024 ihr B\u00fchnendeb\u00fct in der Theaterrevue Medammecour on Tour und gl\u00e4nzte 2023 beim Aachener Weihnachtszirkus in Deutschland.<\/p><p><strong>Puur Floor: Die Theatertournee <\/strong>\u2013 Im Jahr 2026 wagt Floor den n\u00e4chsten gro\u00dfen Schritt mit ihrer eigenen Theatertournee mit dem Titel Puur Floor. In Theatern wie dem DOK6, dem Munttheater und dem Theater Kerkrade pr\u00e4sentiert sie ein Programm, in dem all ihre musikalischen Talente zusammenkommen. Die Auff\u00fchrung bietet eine Reise durch verschiedene Genres:<\/p><ul><li><strong>Klassik und Oper<\/strong>: mit Arien wie O mio babbino caro und der feurigen Habanera.<\/li><li><strong>Heilig<\/strong>: Aufrichtige Darbietungen von Panis Angelicus und Pie Jesu.<\/li><li>Musikalisch: beliebte Titel wie Wishing You Were Somehow Here Again aus Das Phantom der Oper.<\/li><li>Crossover: Publikumslieblinge, darunter der legend\u00e4re Song Con te partir\u00f2.<\/li><\/ul><p>Floor wird am Klavier begleitet, und an verschiedenen Orten wird die Auff\u00fchrung durch einen Chor, ein Ensemble und\/oder eine Combo bereichert; dadurch wird jede Auff\u00fchrung auf ihre eigene Weise einzigartig.<\/p><p>Die Kraft der Verbindung \u2013 Was Floor Bosman so besonders macht, ist die Dualit\u00e4t in ihrem Leben. Neben ihrer glanzvollen Gesangskarriere spielt sie als qualifizierte Bachelor-Absolventin der Krankenpflege eine wichtige Rolle in der Gesellschaft. Dieser Hintergrund im Gesundheitswesen verleiht ihrer Musik zus\u00e4tzliche Tiefe: Lyrische Erfahrung, Ausdruckskraft und Klangfarbe stehen im Mittelpunkt all ihrer Arbeit. Dies macht sie nicht nur zu einer beliebten K\u00fcnstlerin f\u00fcr gro\u00dfe Konzerte mit Blasorchestern und M\u00e4nnerch\u00f6ren, sondern auch zu einer w\u00fcrdevollen Wahl f\u00fcr private Anl\u00e4sse und Trauerfeiern.<\/p><p>Ob sie im Rampenlicht eines nationalen Fernsehfinales steht oder bei einem Abschiedskonzert ein wundersch\u00f6nes Lied singt, Floor Bosman singt immer mit einem Ziel: den Zuh\u00f6rer direkt im Herzen zu ber\u00fchren.<\/p><p><em>Floor Bosman kann ausschlie\u00dflich \u00fcber die Thunder Agency gebucht werden.<\/em><\/p>\t\t\t\t\t\t\t\t<\/div>\n\t\t\t\t\t<\/div>\n\t\t\t\t<\/div>\n\t\t\t\t<\/div>\n\t\t","protected":false},"excerpt":{"rendered":"<p>Floor Bosman Biographie Eine Stimme mit vielen Gesichtern \u2013 Floor Bosman ist eine niederl\u00e4ndische Sopranistin aus Kerkrade, die sich durch eine einzigartige Kombination aus klassischer Ausbildung und einer beeindruckenden B\u00fchnenpr\u00e4senz auszeichnet. Die Welt der klassischen Musik erscheint manchmal unerreichbar, aber Floor macht sie einem breiten Publikum zug\u00e4nglich. Floor positioniert sich ausdr\u00fccklich als \u201eBr\u00fcckenbauerin\u201c: eine K\u00fcnstlerin, [&hellip;]<\/p>\n","protected":false},"author":1,"featured_media":0,"parent":0,"menu_order":0,"comment_status":"closed","ping_status":"closed","template":"","meta":{"footnotes":""},"class_list":["post-530","page","type-page","status-publish","hentry"],"_links":{"self":[{"href":"https:\/\/floorbosman.nl\/de\/wp-json\/wp\/v2\/pages\/530","targetHints":{"allow":["GET"]}}],"collection":[{"href":"https:\/\/floorbosman.nl\/de\/wp-json\/wp\/v2\/pages"}],"about":[{"href":"https:\/\/floorbosman.nl\/de\/wp-json\/wp\/v2\/types\/page"}],"author":[{"embeddable":true,"href":"https:\/\/floorbosman.nl\/de\/wp-json\/wp\/v2\/users\/1"}],"replies":[{"embeddable":true,"href":"https:\/\/floorbosman.nl\/de\/wp-json\/wp\/v2\/comments?post=530"}],"version-history":[{"count":0,"href":"https:\/\/floorbosman.nl\/de\/wp-json\/wp\/v2\/pages\/530\/revisions"}],"wp:attachment":[{"href":"https:\/\/floorbosman.nl\/de\/wp-json\/wp\/v2\/media?parent=530"}],"curies":[{"name":"wp","href":"https:\/\/api.w.org\/{rel}","templated":true}]}}